{"id":179,"date":"2026-01-28T03:11:08","date_gmt":"2026-01-28T03:11:08","guid":{"rendered":"http:\/\/localhost:8003\/?page_id=179"},"modified":"2026-03-06T07:06:29","modified_gmt":"2026-03-06T07:06:29","slug":"lien-he","status":"publish","type":"page","link":"https:\/\/miquafoods.com\/en\/lien-he\/","title":{"rendered":"Contact"},"content":{"rendered":"\n\t<section class=\"section\" id=\"section_942993953\">\n\t\t<div class=\"section-bg fill\" >\n\t\t\t\t\t\t\t\t\t\n\t\t\t\n\n\t\t<\/div>\n\n\t\t\n\n\t\t<div class=\"section-content relative\">\n\t\t\t\r\n\r\n<div class=\"row\"  id=\"row-753393833\">\r\n\r\n\n\t<div id=\"col-1901235332\" class=\"col pb-0 small-12 large-12\"  >\n\t\t\t\t<div class=\"col-inner\"  >\n\t\t\t\n\t\t\t\r\n\r\n<nav aria-label=\"breadcrumbs\" class=\"rank-math-breadcrumb\"><p><span class=\"last\">Trang ch\u1ee7<\/span><\/p><\/nav>\r\n\r\n\t\t<\/div>\n\t\t\t\t\t<\/div>\n\n\t\r\n\r\n<\/div>\r\n\r\n\t\t<\/div>\n\n\t\t\n<style>\n#section_942993953 {\n  padding-top: 45px;\n  padding-bottom: 45px;\n}\n<\/style>\n\t<\/section>\n\t\n\n\t<section class=\"section\" id=\"section_1188688182\">\n\t\t<div class=\"section-bg fill\" >\n\t\t\t\t\t\t\t\t\t\n\t\t\t\n\n\t\t<\/div>\n\n\t\t\n\n\t\t<div class=\"section-content relative\">\n\t\t\t\n<div class=\"row\"  id=\"row-511817230\">\n\n\t<div id=\"col-641469351\" class=\"col small-12 large-12\"  >\n\t\t\t\t<div class=\"col-inner\"  >\n\t\t\t\n\t\t\t\n<div class=\"text-center flex flex-col gap-3.5\">\n\r\n\t<div class=\"heading\">\r\n\t\t<h1 class=\"title font-bold light text-32px mb-0 text-primary\">\r\n\t\t\tLi\u00ean h\u1ec7 v\u1edbi ch\u00fang t\u00f4i\t\t<\/h1>\r\n\t<\/div>\r\n\r\n\t\n<p>Ch\u00fang t\u00f4i lu\u00f4n s\u1eb5n s\u00e0ng l\u1eafng nghe v\u00e0 h\u1ed7 tr\u1ee3<\/p>\n<\/div>\n\t\t<\/div>\n\t\t\t\t\t<\/div>\n\n\t\n<\/div>\n<div class=\"row align-equal align-center\"  id=\"row-1837460246\">\n\n\t<div id=\"col-1242142828\" class=\"col medium-6 small-12 large-4\"  >\n\t\t\t\t<div class=\"col-inner\"  >\n\t\t\t\n\t\t\t\n<div class=\"flex-1 dark flex flex-col items-center gap-3 bg-#009E52 px-6 py-5 rounded-md\">\n<div class=\"text-center\">\n\t\t<div class=\"flex items-center justify-center size-58px\">\n\t\t\t\n\n<svg xmlns=\"http:\/\/www.w3.org\/2000\/svg\" width=\"59\" height=\"59\" viewBox=\"0 0 59 59\" fill=\"none\">\n  <path d=\"M29.1231 4.85352C19.7299 4.85352 12.1328 12.4506 12.1328 21.8438C12.1328 34.5865 29.1231 53.3972 29.1231 53.3972C29.1231 53.3972 46.1134 34.5865 46.1134 21.8438C46.1134 12.4506 38.5163 4.85352 29.1231 4.85352ZM29.1231 27.9118C27.5138 27.9118 25.9704 27.2725 24.8324 26.1345C23.6944 24.9965 23.0551 23.4531 23.0551 21.8438C23.0551 20.2345 23.6944 18.6911 24.8324 17.5531C25.9704 16.4151 27.5138 15.7758 29.1231 15.7758C30.7324 15.7758 32.2758 16.4151 33.4138 17.5531C34.5518 18.6911 35.1911 20.2345 35.1911 21.8438C35.1911 23.4531 34.5518 24.9965 33.4138 26.1345C32.2758 27.2725 30.7324 27.9118 29.1231 27.9118Z\" fill=\"white\"\/>\n<\/svg>\n\t\t<\/div>\n\t\n<\/div>\n\r\n\t<div class=\"heading\">\r\n\t\t<h3 class=\"title font-bold light text-center mb-0 text-25px font-bold\">\r\n\t\t\t\u0110\u1ecba ch\u1ec9\t\t<\/h3>\r\n\t<\/div>\r\n\r\n\t\n\t<div id=\"text-4072610123\" class=\"text text-15px text-center\">\n\t\t\n<p>\u0110\u1ecba ch\u1ec9: S\u1ed1 185, \u0111\u01b0\u1eddng L\u00fd Th\u01b0\u1eddng Ki\u1ec7t, Ph\u01b0\u1eddng T\u00e2n Th\u00e0nh, Th\u00e0nh ph\u1ed1 C\u00e0 Mau, T\u1ec9nh C\u00e0 Mau, Vi\u1ec7t Nam.<\/p>\n\t\t\t<\/div>\n\t\n<\/div>\n\t\t<\/div>\n\t\t\t\t\t<\/div>\n\n\t\n\n\t<div id=\"col-867864444\" class=\"col medium-6 small-12 large-4\"  >\n\t\t\t\t<div class=\"col-inner\"  >\n\t\t\t\n\t\t\t\n<div class=\"flex-1 dark flex flex-col items-center gap-3 bg-#009E52 px-6 py-5 rounded-md\">\n<div class=\"text-center\">\n\t\t<div class=\"flex items-center justify-center size-58px\">\n\t\t\t\n\n<svg xmlns=\"http:\/\/www.w3.org\/2000\/svg\" width=\"59\" height=\"59\" viewBox=\"0 0 59 59\" fill=\"none\">\n  <path d=\"M48.5448 9.70898H9.70984C7.03993 9.70898 4.87974 11.8935 4.87974 14.5634L4.85547 43.6896C4.85547 46.3595 7.03993 48.5439 9.70984 48.5439H48.5448C51.2147 48.5439 53.3992 46.3595 53.3992 43.6896V14.5634C53.3992 11.8935 51.2147 9.70898 48.5448 9.70898ZM48.5448 19.4177L29.1273 31.5536L9.70984 19.4177V14.5634L29.1273 26.6993L48.5448 14.5634V19.4177Z\" fill=\"white\"\/>\n<\/svg>\n\t\t<\/div>\n\t\n<\/div>\n\r\n\t<div class=\"heading\">\r\n\t\t<h3 class=\"title font-bold light text-center mb-0 text-25px font-bold\">\r\n\t\t\tEmail\t\t<\/h3>\r\n\t<\/div>\r\n\r\n\t\n\t<div id=\"text-3651778010\" class=\"text text-15px text-center\">\n\t\t\n<p class=\"mb-0.5\"><a href=\"mailto:trung@miquafoods.com\">trung@miquafoods.com<\/a><\/p>\n<p><a href=\"mailto:sale@miquafoods.com\">sale@miquafoods.com<\/a><\/p>\n\t\t\t<\/div>\n\t\n<\/div>\n\t\t<\/div>\n\t\t\t\t\t<\/div>\n\n\t\n\n\t<div id=\"col-1101527913\" class=\"col medium-6 small-12 large-4\"  >\n\t\t\t\t<div class=\"col-inner\"  >\n\t\t\t\n\t\t\t\n<div class=\"flex-1 dark flex flex-col items-center gap-3 bg-#009E52 px-6 py-5 rounded-md\">\n<div class=\"text-center\">\n\t\t<div class=\"flex items-center justify-center size-58px\">\n\t\t\t\n\n<svg xmlns=\"http:\/\/www.w3.org\/2000\/svg\" width=\"59\" height=\"59\" viewBox=\"0 0 59 59\" fill=\"none\">\n  <path d=\"M40.1809 31.3243L39.0766 32.4239C39.0766 32.4239 36.4479 35.0355 29.2756 27.9044C22.1033 20.7734 24.7319 18.1617 24.7319 18.1617L25.4261 17.4675C27.1421 15.7637 27.3047 13.0258 25.8071 11.0258L22.7489 6.94084C20.8945 4.46512 17.3144 4.13745 15.1906 6.2491L11.38 10.0355C10.329 11.084 9.62511 12.4384 9.71006 13.9433C9.9285 17.7952 11.6712 26.0792 21.3897 35.7442C31.6979 45.9918 41.3702 46.3996 45.3241 46.0307C46.5766 45.9141 47.6639 45.2782 48.5402 44.4044L51.9868 40.9773C54.3169 38.6641 53.6615 34.6957 50.6809 33.0768L46.045 30.5549C44.0887 29.4942 41.7101 29.8049 40.1809 31.3243Z\" fill=\"white\"\/>\n<\/svg>\n\t\t<\/div>\n\t\n<\/div>\n\r\n\t<div class=\"heading\">\r\n\t\t<h3 class=\"title font-bold light text-center mb-0 text-25px font-bold\">\r\n\t\t\tHotline\t\t<\/h3>\r\n\t<\/div>\r\n\r\n\t\n\t<div id=\"text-2363514019\" class=\"text text-15px text-center\">\n\t\t\n<p class=\"mb-0.5\"><a href=\"tel:0918913228\">0918.913.228<\/a><\/p>\n<p><a href=\"tel:0917883738\">0917.883.738<\/a><\/p>\n\t\t\t<\/div>\n\t\n<\/div>\n\t\t<\/div>\n\t\t\t\t\t<\/div>\n\n\t\n<\/div>\n\t\t<\/div>\n\n\t\t\n<style>\n#section_1188688182 {\n  padding-top: 30px;\n  padding-bottom: 30px;\n}\n<\/style>\n\t<\/section>\n\t\n\n\t<section class=\"section\" id=\"section_336013915\">\n\t\t<div class=\"section-bg fill\" >\n\t\t\t\t\t\t\t\t\t\n\t\t\t\n\n\t\t<\/div>\n\n\t\t\n\n\t\t<div class=\"section-content relative\">\n\t\t\t\n<div class=\"row align-equal align-center\"  id=\"row-2022010379\">\n\n\t<div id=\"col-26524313\" class=\"col medium-8 small-12 large-6\"  >\n\t\t\t\t<div class=\"col-inner\"  >\n\t\t\t\n\t\t\t\n\r\n\t<div class=\"heading\">\r\n\t\t<h3 class=\"title font-bold light\">\r\n\t\t\tG\u1eedi tin nh\u1eafn cho ch\u00fang t\u00f4i\t\t<\/h3>\r\n\t<\/div>\r\n\r\n\t\n<div class=\"bg-#FCFCFC rounded-xl px-9 py-7 border-1 border-solid border-#D2D2D2 preset-01\">\n<div class='fluentform ff-default fluentform_wrapper_1 ffs_default_wrap'><form data-form_id=\"1\" id=\"fluentform_1\" class=\"frm-fluent-form fluent_form_1 ff-el-form-top ff_form_instance_1_1 ff-form-loading ffs_default\" data-form_instance=\"ff_form_instance_1_1\" method=\"POST\" ><fieldset  style=\"border: none!important;margin: 0!important;padding: 0!important;background-color: transparent!important;box-shadow: none!important;outline: none!important; min-inline-size: 100%;\">\n                    <legend class=\"ff_screen_reader_title\" style=\"display: block; margin: 0!important;padding: 0!important;height: 0!important;text-indent: -999999px;width: 0!important;overflow:hidden;\">Contact Form<\/legend><p style=\"display: none !important;\" class=\"akismet-fields-container\" data-prefix=\"ak_\"><label>&#916;<textarea name=\"ak_hp_textarea\" cols=\"45\" rows=\"8\" maxlength=\"100\"><\/textarea><\/label><input type=\"hidden\" id=\"ak_js_1\" name=\"ak_js\" value=\"246\"\/><script>document.getElementById( \"ak_js_1\" ).setAttribute( \"value\", ( new Date() ).getTime() );<\/script><\/p><input type='hidden' name='__fluent_form_embded_post_id' value='423' \/><input type=\"hidden\" id=\"_fluentform_1_fluentformnonce\" name=\"_fluentform_1_fluentformnonce\" value=\"fb90ebb80a\" \/><input type=\"hidden\" name=\"_wp_http_referer\" value=\"\/en\/wp-json\/wp\/v2\/pages\/179\" \/><div data-type=\"name-element\" data-name=\"names\" class=\" ff-field_container ff-name-field-wrapper\" ><div class='ff-t-container'><div class='ff-t-cell '><div class='ff-el-group'><div class=\"ff-el-input--label ff-el-is-required asterisk-right\"><label for='ff_1_names_first_name_' id='label_ff_1_names_first_name_' >T\u00ean c\u1ee7a b\u1ea1n<\/label><\/div><div class='ff-el-input--content'><input type=\"text\" name=\"names[first_name]\" id=\"ff_1_names_first_name_\" class=\"ff-el-form-control\" placeholder=\"Nh\u1eadp t\u00ean c\u1ee7a b\u1ea1n\" aria-invalid=\"false\" aria-required=true><\/div><\/div><\/div><\/div><\/div><div class='ff-el-group'><div class=\"ff-el-input--label ff-el-is-required asterisk-right\"><label for='ff_1_email' id='label_ff_1_email' aria-label=\"Email\">Email<\/label><\/div><div class='ff-el-input--content'><input type=\"email\" name=\"email\" id=\"ff_1_email\" class=\"ff-el-form-control\" placeholder=\"Nh\u1eadp email c\u1ee7a b\u1ea1n\" data-name=\"email\"  aria-invalid=\"false\" aria-required=true><\/div><\/div><div class='ff-el-group'><div class=\"ff-el-input--label ff-el-is-required asterisk-right\"><label for='ff_1_phone' id='label_ff_1_phone' aria-label=\"S\u1ed1 \u0111i\u1ec7n tho\u1ea1i\">S\u1ed1 \u0111i\u1ec7n tho\u1ea1i<\/label><\/div><div class='ff-el-input--content'><input name=\"phone\" class=\"ff-el-form-control ff-el-phone ff_el_with_extended_validation\" type=\"tel\" data-name=\"phone\" id=\"ff_1_phone\" inputmode=\"tel\"  aria-invalid='false' aria-required=true><\/div><\/div><div class='ff-el-group'><div class=\"ff-el-input--label ff-el-is-required asterisk-right\"><label for='ff_1_dropdown' id='label_ff_1_dropdown' aria-label=\"Y\u00eau c\u1ea7u b\u00e1o gi\u00e1 s\u1ea3n ph\u1ea9m\">Y\u00eau c\u1ea7u b\u00e1o gi\u00e1 s\u1ea3n ph\u1ea9m<\/label><\/div><div class='ff-el-input--content'><select name=\"dropdown\" id=\"ff_1_dropdown\" class=\"ff-el-form-control\" data-name=\"dropdown\" data-calc_value=\"0\"  aria-invalid=\"false\" aria-required=\"true\" aria-labelledby=\"label_ff_1_dropdown\"><option value=\"\">- Ch\u1ecdn s\u1ea3n ph\u1ea9m  -<\/option><option data-calc_value=\"0\" data-custom-properties=\"0\" value=\"440\"  >T\u00f4m s\u00fa  l\u1eb7t \u0111\u1ea7u c\u00f2n v\u1ecf -<\/option><option data-calc_value=\"0\" data-custom-properties=\"0\" value=\"439\"  >T\u00f4m s\u00fa l\u1ed9t th\u00e2n, c\u00f2n \u0111\u1ea7u c\u00f2n \u0111u\u00f4i -<\/option><option data-calc_value=\"0\" data-custom-properties=\"0\" value=\"438\"  >T\u00f4m s\u00fa lu\u1ed9c -<\/option><option data-calc_value=\"0\" data-custom-properties=\"0\" value=\"437\"  >T\u00f4m s\u00fa nguy\u00ean con -<\/option><option data-calc_value=\"0\" data-custom-properties=\"0\" value=\"436\"  >T\u00f4m s\u00fa Nobashi -<\/option><option data-calc_value=\"0\" data-custom-properties=\"0\" value=\"435\"  >T\u00f4m s\u00fa PD -<\/option><option data-calc_value=\"0\" data-custom-properties=\"0\" value=\"738\"  >T\u00f4m s\u00fa PDTO -<\/option><option data-calc_value=\"0\" data-custom-properties=\"0\" value=\"433\"  >T\u00f4m s\u00fa x\u1ebb b\u01b0\u1edbm -<\/option><option data-calc_value=\"0\" data-custom-properties=\"0\" value=\"432\"  >T\u00f4m s\u00fa xi\u00ean que -<\/option><option data-calc_value=\"0\" data-custom-properties=\"0\" value=\"431\"  >T\u00f4m th\u1ebb  l\u1eb7t \u0111\u1ea7u c\u00f2n v\u1ecf -<\/option><option data-calc_value=\"0\" data-custom-properties=\"0\" value=\"430\"  >T\u00f4m th\u1ebb l\u1ed9t th\u00e2n, c\u00f2n \u0111\u1ea7u c\u00f2n \u0111u\u00f4i -<\/option><option data-calc_value=\"0\" data-custom-properties=\"0\" value=\"429\"  >T\u00f4m th\u1ebb lu\u1ed9c -<\/option><option data-calc_value=\"0\" data-custom-properties=\"0\" value=\"428\"  >T\u00f4m th\u1ebb nguy\u00ean con -<\/option><option data-calc_value=\"0\" data-custom-properties=\"0\" value=\"427\"  >T\u00f4m th\u1ebb Nobashi -<\/option><option data-calc_value=\"0\" data-custom-properties=\"0\" value=\"426\"  >T\u00f4m th\u1ebb PD -<\/option><option data-calc_value=\"0\" data-custom-properties=\"0\" value=\"425\"  >T\u00f4m th\u1ebb PDTO -<\/option><option data-calc_value=\"0\" data-custom-properties=\"0\" value=\"424\"  >T\u00f4m th\u1ebb x\u1ebb b\u01b0\u1edbm -<\/option><option data-calc_value=\"0\" data-custom-properties=\"0\" value=\"423\"  >T\u00f4m th\u1ebb xi\u00ean que -<\/option><\/select><\/div><\/div><div class='ff-el-group ff-text-left ff_submit_btn_wrapper'><button type=\"submit\" class=\"ff-btn ff-btn-submit ff-btn-md w-full lowercase ff_btn_style\"  aria-label=\"G\u1eedi li\u00ean h\u1ec7\">G\u1eedi li\u00ean h\u1ec7<\/button><\/div><\/fieldset><\/form><div id='fluentform_1_errors' class='ff-errors-in-stack ff_form_instance_1_1 ff-form-loading_errors ff_form_instance_1_1_errors'><\/div><\/div>            <script type=\"text\/javascript\">\n                window.fluent_form_ff_form_instance_1_1 = {\"id\":\"1\",\"settings\":{\"layout\":{\"labelPlacement\":\"top\",\"helpMessagePlacement\":\"with_label\",\"errorMessagePlacement\":\"inline\",\"cssClassName\":\"\",\"asteriskPlacement\":\"asterisk-right\"},\"restrictions\":{\"denyEmptySubmission\":{\"enabled\":false}}},\"form_instance\":\"ff_form_instance_1_1\",\"form_id_selector\":\"fluentform_1\",\"rules\":{\"names[first_name]\":{\"required\":{\"value\":true,\"message\":\"This field is required\",\"global\":true,\"global_message\":\"This field is required\"}},\"names[middle_name]\":{\"required\":{\"value\":false,\"message\":\"This field is required\",\"global\":false,\"global_message\":\"This field is required\"}},\"names[last_name]\":{\"required\":{\"value\":false,\"message\":\"This field is required\",\"global\":false,\"global_message\":\"This field is required\"}},\"email\":{\"required\":{\"value\":true,\"message\":\"This field is required\",\"global\":false,\"global_message\":\"This field is required\"},\"email\":{\"value\":true,\"message\":\"This field must contain a valid email\",\"global\":true,\"global_message\":\"This field must contain a valid email\"}},\"phone\":{\"required\":{\"value\":true,\"global\":true,\"message\":\"This field is required\",\"global_message\":\"This field is required\"},\"valid_phone_number\":{\"value\":true,\"global\":true,\"message\":\"Phone number is not valid\",\"global_message\":\"Phone number is not valid\"}},\"dropdown\":{\"required\":{\"value\":true,\"message\":\"This field is required\",\"global_message\":\"This field is required\",\"global\":true}}},\"debounce_time\":300};\n                            <\/script>\n            \n<\/div>\n\t\t<\/div>\n\t\t\t\t\t<\/div>\n\n\t\n\n\t<div id=\"col-2046911852\" class=\"col medium-8 small-12 large-6\"  >\n\t\t\t\t<div class=\"col-inner\"  >\n\t\t\t\n\t\t\t\n\r\n\t<div class=\"heading\">\r\n\t\t<h3 class=\"title font-bold light\">\r\n\t\t\tV\u1ecb tr\u00ed c\u1ee7a ch\u00fang t\u00f4i\t\t<\/h3>\r\n\t<\/div>\r\n\r\n\t\n\t\t<div class=\"flex-1\">\n\t\t\t\n\n<iframe src=\"https:\/\/www.google.com\/maps\/embed?pb=!1m18!1m12!1m3!1d638.4995155660289!2d105.1989345629001!3d9.172216612596547!2m3!1f0!2f0!3f0!3m2!1i1024!2i768!4f13.1!3m3!1m2!1s0x31a14908728bd041%3A0x6e389328bfc6d1b1!2zQ8O0bmcgVHkgVG5oaCBUaOG7sWMgUGjhuqltIFPhuqFjaCBNaW5oIFF1w6Ju!5e0!3m2!1svi!2s!4v1772780748133!5m2!1svi!2s\" style=\"width:100%;height:100%; min-height:450px;border:0px;\" allowfullscreen=\"\" loading=\"lazy\" referrerpolicy=\"no-referrer-when-downgrade\"><\/iframe>\n\t\t<\/div>\n\t\n\t\t<\/div>\n\t\t\t\t\t<\/div>\n\n\t\n<\/div>\n\t\t<\/div>\n\n\t\t\n<style>\n#section_336013915 {\n  padding-top: 30px;\n  padding-bottom: 30px;\n}\n<\/style>\n\t<\/section>\n\t\n\n\t<section class=\"section\" id=\"section_1096924189\">\n\t\t<div class=\"section-bg fill\" >\n\t\t\t\t\t\t\t\t\t\n\t\t\t\n\n\t\t<\/div>\n\n\t\t\n\n\t\t<div class=\"section-content relative\">\n\t\t\t\n<div class=\"row\"  id=\"row-513994248\">\n\n\t<div id=\"col-1691406646\" class=\"col small-12 large-12\"  >\n\t\t\t\t<div class=\"col-inner\"  >\n\t\t\t\n\t\t\t\n<div class=\"text-center flex flex-col gap-3.5\">\n\r\n\t<div class=\"heading\">\r\n\t\t<h1 class=\"title font-bold light text-32px mb-0 text-primary\">\r\n\t\t\tC\u00e2u h\u1ecfi th\u01b0\u1eddng g\u1eb7p\t\t<\/h1>\r\n\t<\/div>\r\n\r\n\t\n<p>Ch\u00fang t\u00f4i lu\u00f4n s\u1eb5n s\u00e0ng l\u1eafng nghe v\u00e0 h\u1ed7 tr\u1ee3<\/p>\n<\/div>\n\t\t<\/div>\n\t\t\t\t\t<\/div>\n\n\t\n<\/div>\n<div class=\"row\"  id=\"row-116805261\">\n\n\t<div id=\"col-1841379491\" class=\"col small-12 large-12\"  >\n\t\t\t\t<div class=\"col-inner\"  >\n\t\t\t\n\t\t\t\n<div class=\"accordion preset-01\">\n\n\t<div id=\"accordion-2887528141\" class=\"accordion-item\">\n\t\t<a id=\"accordion-2887528141-label\" class=\"accordion-title plain active\" href=\"#accordion-item-s\u1ea3n-ph\u1ea9m-t\u00f4m-\u0111\u00f4ng-l\u1ea1nh-c\u1ee7a-miquafoods-c\u00f3-an-to\u00e0n-kh\u00f4ng?\" aria-expanded=\"true\" aria-controls=\"accordion-2887528141-content\">\n\t\t\t<button class=\"toggle\" aria-label=\"Toggle\"><i class=\"icon-angle-down\" aria-hidden=\"true\"><\/i><\/button>\n\t\t\t<span>S\u1ea3n ph\u1ea9m t\u00f4m \u0111\u00f4ng l\u1ea1nh c\u1ee7a MIQUAFOODS c\u00f3 an to\u00e0n kh\u00f4ng?<\/span>\n\t\t<\/a>\n\t\t<div id=\"accordion-2887528141-content\" class=\"accordion-inner\" style=\"display: block;\" aria-labelledby=\"accordion-2887528141-label\">\n\t\t\t\n\n<p>T\u1ea5t c\u1ea3 s\u1ea3n ph\u1ea9m t\u00f4m \u0111\u00f4ng l\u1ea1nh \u0111\u1ec1u \u0111\u01b0\u1ee3c ki\u1ec3m so\u00e1t nghi\u00eam ng\u1eb7t t\u1eeb ngu\u1ed3n nguy\u00ean li\u1ec7u \u0111\u1ebfn quy tr\u00ecnh ch\u1ebf bi\u1ebfn v\u00e0 \u0111\u00f3ng g\u00f3i, \u0111\u1ea3m b\u1ea3o t\u01b0\u01a1i ngon, kh\u00f4ng ch\u1ea5t b\u1ea3o qu\u1ea3n \u0111\u1ed9c h\u1ea1i v\u00e0 \u0111\u1ea1t c\u00e1c ch\u1ee9ng nh\u1eadn an to\u00e0n th\u1ef1c ph\u1ea9m.<\/p>\n\n\t\t<\/div>\n\t<\/div>\n\t\n\t<div id=\"accordion-1513016218\" class=\"accordion-item\">\n\t\t<a id=\"accordion-1513016218-label\" class=\"accordion-title plain\" href=\"#accordion-item-l\u00e0m-th\u1ebf-n\u00e0o-\u0111\u1ec3-b\u1ea3o-qu\u1ea3n-t\u00f4m-\u0111\u00f4ng-l\u1ea1nh-\u0111\u00fang-c\u00e1ch?\" aria-expanded=\"false\" aria-controls=\"accordion-1513016218-content\">\n\t\t\t<button class=\"toggle\" aria-label=\"Toggle\"><i class=\"icon-angle-down\" aria-hidden=\"true\"><\/i><\/button>\n\t\t\t<span>L\u00e0m th\u1ebf n\u00e0o \u0111\u1ec3 b\u1ea3o qu\u1ea3n t\u00f4m \u0111\u00f4ng l\u1ea1nh \u0111\u00fang c\u00e1ch?<\/span>\n\t\t<\/a>\n\t\t<div id=\"accordion-1513016218-content\" class=\"accordion-inner\" aria-labelledby=\"accordion-1513016218-label\">\n\t\t\t\n\n<ul>\n<li>Gi\u1eef s\u1ea3n ph\u1ea9m \u1edf ng\u0103n \u0111\u00f4ng t\u1eeb -18\u00b0C tr\u1edf xu\u1ed1ng.<\/li>\n<li>Kh\u00f4ng r\u00e3 \u0111\u00f4ng v\u00e0 \u0111\u00f4ng l\u1ea1i nhi\u1ec1u l\u1ea7n \u0111\u1ec3 tr\u00e1nh m\u1ea5t ch\u1ea5t l\u01b0\u1ee3ng.<\/li>\n<li>S\u1eed d\u1ee5ng trong th\u1eddi gian quy \u0111\u1ecbnh tr\u00ean bao b\u00ec \u0111\u1ec3 \u0111\u1ea3m b\u1ea3o t\u01b0\u01a1i ngon.<\/li>\n<\/ul>\n\n\t\t<\/div>\n\t<\/div>\n\t\n\t<div id=\"accordion-3724333570\" class=\"accordion-item\">\n\t\t<a id=\"accordion-3724333570-label\" class=\"accordion-title plain\" href=\"#accordion-item-t\u00f4i-c\u00f3-th\u1ec3-\u0111\u1ed5i-tr\u1ea3-s\u1ea3n-ph\u1ea9m-n\u1ebfu-kh\u00f4ng-h\u00e0i-l\u00f2ng-kh\u00f4ng?\" aria-expanded=\"false\" aria-controls=\"accordion-3724333570-content\">\n\t\t\t<button class=\"toggle\" aria-label=\"Toggle\"><i class=\"icon-angle-down\" aria-hidden=\"true\"><\/i><\/button>\n\t\t\t<span>T\u00f4i c\u00f3 th\u1ec3 \u0111\u1ed5i tr\u1ea3 s\u1ea3n ph\u1ea9m n\u1ebfu kh\u00f4ng h\u00e0i l\u00f2ng kh\u00f4ng?<\/span>\n\t\t<\/a>\n\t\t<div id=\"accordion-3724333570-content\" class=\"accordion-inner\" aria-labelledby=\"accordion-3724333570-label\">\n\t\t\t\n\n<p>C\u00f3. MIQUAFOODS \u00e1p d\u1ee5ng ch\u00ednh s\u00e1ch \u0111\u1ed5i tr\u1ea3 trong v\u00f2ng 24 gi\u1edd v\u1edbi c\u00e1c s\u1ea3n ph\u1ea9m h\u01b0 h\u1ecfng, l\u1ed7i do v\u1eadn chuy\u1ec3n ho\u1eb7c kh\u00f4ng \u0111\u00fang \u0111\u01a1n h\u00e0ng. Xem chi ti\u1ebft t\u1ea1i Ch\u00ednh s\u00e1ch \u0111\u1ed5i tr\u1ea3<\/p>\n\n\t\t<\/div>\n\t<\/div>\n\t\n\t<div id=\"accordion-3801855699\" class=\"accordion-item\">\n\t\t<a id=\"accordion-3801855699-label\" class=\"accordion-title plain\" href=\"#accordion-item-t\u00f4i-c\u00f3-th\u1ec3-\u0111\u1eb7t-h\u00e0ng-online-kh\u00f4ng?\" aria-expanded=\"false\" aria-controls=\"accordion-3801855699-content\">\n\t\t\t<button class=\"toggle\" aria-label=\"Toggle\"><i class=\"icon-angle-down\" aria-hidden=\"true\"><\/i><\/button>\n\t\t\t<span>T\u00f4i c\u00f3 th\u1ec3 \u0111\u1eb7t h\u00e0ng online kh\u00f4ng?<\/span>\n\t\t<\/a>\n\t\t<div id=\"accordion-3801855699-content\" class=\"accordion-inner\" aria-labelledby=\"accordion-3801855699-label\">\n\t\t\t\n\n<p>C\u00f3. Qu\u00fd kh\u00e1ch c\u00f3 th\u1ec3 \u0111\u1eb7t h\u00e0ng qua website ho\u1eb7c c\u00e1c k\u00eanh li\u00ean h\u1ec7 tr\u1ef1c tuy\u1ebfn, ch\u00fang t\u00f4i s\u1ebd giao h\u00e0ng t\u1eadn n\u01a1i theo y\u00eau c\u1ea7u.<\/p>\n\n\t\t<\/div>\n\t<\/div>\n\t\n\t<div id=\"accordion-742893027\" class=\"accordion-item\">\n\t\t<a id=\"accordion-742893027-label\" class=\"accordion-title plain\" href=\"#accordion-item-miquafoods-c\u00f3-giao-h\u00e0ng-ra-qu\u1ed1c-t\u1ebf-kh\u00f4ng?\" aria-expanded=\"false\" aria-controls=\"accordion-742893027-content\">\n\t\t\t<button class=\"toggle\" aria-label=\"Toggle\"><i class=\"icon-angle-down\" aria-hidden=\"true\"><\/i><\/button>\n\t\t\t<span>MIQUAFOODS c\u00f3 giao h\u00e0ng ra qu\u1ed1c t\u1ebf kh\u00f4ng?<\/span>\n\t\t<\/a>\n\t\t<div id=\"accordion-742893027-content\" class=\"accordion-inner\" aria-labelledby=\"accordion-742893027-label\">\n\t\t\t\n\n<p>Hi\u1ec7n t\u1ea1i ch\u00fang t\u00f4i \u0111\u00e3 cung c\u1ea5p s\u1ea3n ph\u1ea9m ra m\u1ed9t s\u1ed1 th\u1ecb tr\u01b0\u1eddng qu\u1ed1c t\u1ebf. Vui l\u00f2ng li\u00ean h\u1ec7 hotline ho\u1eb7c email \u0111\u1ec3 bi\u1ebft khu v\u1ef1c v\u00e0 \u0111i\u1ec1u ki\u1ec7n giao h\u00e0ng c\u1ee5 th\u1ec3.<\/p>\n\n\t\t<\/div>\n\t<\/div>\n\t\n\n<\/div>\n\t\t<\/div>\n\t\t\t\t\t<\/div>\n\n\t\n<\/div>\n\t\t<\/div>\n\n\t\t\n<style>\n#section_1096924189 {\n  padding-top: 64px;\n  padding-bottom: 64px;\n}\n<\/style>\n\t<\/section>\n\t\n\n\t<section class=\"section\" id=\"section_1909248290\">\n\t\t<div class=\"section-bg fill\" >\n\t\t\t<img loading=\"lazy\" decoding=\"async\" width=\"2160\" height=\"600\" src=\"https:\/\/miquafoods.com\/wp-content\/uploads\/2026\/01\/consultation-bg.webp\" class=\"bg attachment- size-\" alt=\"\" \/>\t\t\t\t\t\t<div class=\"section-bg-overlay absolute fill\"><\/div>\n\t\t\t\n\n\t\t<\/div>\n\n\t\t\n\n\t\t<div class=\"section-content relative\">\n\t\t\t\n\n<div class=\"row\"  id=\"row-844911113\">\n\n\n\t<div id=\"col-1902852251\" class=\"col pb-0 small-12 large-12\"  >\n\t\t\t\t<div class=\"col-inner\"  >\n\t\t\t\n\t\t\t\n\n<div class=\"text-center dark flex flex-col gap-4\">\n\n\r\n\t<div class=\"heading\">\r\n\t\t<h3 class=\"title font-bold light text-42px\/1.1em mb-0\">\r\n\t\t\tQuan t\u00e2m \u0111\u1ebfn s\u1ea3n ph\u1ea9m c\u1ee7a ch\u00fang t\u00f4i?\t\t<\/h3>\r\n\t<\/div>\r\n\r\n\t\n\n\t<div id=\"text-1830889531\" class=\"text text-24px\/1.1em\">\n\t\t\n\n<p>Li\u00ean h\u1ec7 ngay \u0111\u1ec3 \u0111\u01b0\u1ee3c t\u01b0 v\u1ea5n v\u00e0 b\u00e1o gi\u00e1 chi ti\u1ebft<\/p>\n\t\t\t<\/div>\n\t\n<div class=\"flex items-center justify-center gap-4.5\">\n\n<a class=\"button primary is-larger lowercase text-xl font-semibold darker is-stroke m-0!\" >\n\t\t<span>Kh\u00e1m ph\u00e1 th\u01b0\u01a1ng hi\u1ec7u<\/span>\n\t<\/a>\n\n\n<a class=\"button white is-outline is-larger lowercase text-xl darker font-semibold m-0!\" >\n\t\t<span>Li\u00ean h\u1ec7 b\u00e1o gi\u00e1<\/span>\n\t<\/a>\n\n\n\n<\/div>\n\n<\/div>\n\n\t\t<\/div>\n\t\t\t\t\t<\/div>\n\n\t\n\n<\/div>\n\n\t\t<\/div>\n\n\t\t\n<style>\n#section_1909248290 {\n  padding-top: 120px;\n  padding-bottom: 120px;\n}\n#section_1909248290 .section-bg-overlay {\n  background-color: rgba(44, 113, 82, 0.65);\n}\n<\/style>\n\t<\/section>\n\t\n","protected":false},"excerpt":{"rendered":"","protected":false},"author":1,"featured_media":0,"parent":0,"menu_order":0,"comment_status":"closed","ping_status":"closed","template":"page-blank.php","meta":{"footnotes":""},"class_list":["post-179","page","type-page","status-publish","hentry"],"_links":{"self":[{"href":"https:\/\/miquafoods.com\/en\/wp-json\/wp\/v2\/pages\/179","targetHints":{"allow":["GET"]}}],"collection":[{"href":"https:\/\/miquafoods.com\/en\/wp-json\/wp\/v2\/pages"}],"about":[{"href":"https:\/\/miquafoods.com\/en\/wp-json\/wp\/v2\/types\/page"}],"author":[{"embeddable":true,"href":"https:\/\/miquafoods.com\/en\/wp-json\/wp\/v2\/users\/1"}],"replies":[{"embeddable":true,"href":"https:\/\/miquafoods.com\/en\/wp-json\/wp\/v2\/comments?post=179"}],"version-history":[{"count":29,"href":"https:\/\/miquafoods.com\/en\/wp-json\/wp\/v2\/pages\/179\/revisions"}],"predecessor-version":[{"id":678,"href":"https:\/\/miquafoods.com\/en\/wp-json\/wp\/v2\/pages\/179\/revisions\/678"}],"wp:attachment":[{"href":"https:\/\/miquafoods.com\/en\/wp-json\/wp\/v2\/media?parent=179"}],"curies":[{"name":"wp","href":"https:\/\/api.w.org\/{rel}","templated":true}]}}