{"id":738,"date":"2026-04-08T13:23:31","date_gmt":"2026-04-08T06:23:31","guid":{"rendered":"https:\/\/miquafoods.com\/"},"modified":"2026-04-08T13:27:39","modified_gmt":"2026-04-08T06:27:39","slug":"tom-su-pdto","status":"publish","type":"product","link":"https:\/\/miquafoods.com\/en\/product\/tom-su-pdto\/","title":{"rendered":"Black tiger shrimp PDTO"},"content":{"rendered":"<p><strong>Black tiger shrimp PDTO<\/strong> is a type of shrimp that has been peeled, deveined, and kept with the tail intact, making it convenient for preparation and visually appealing in dishes. The product is steamed and treated with safe additives to preserve its natural sweet and fresh flavor, while maintaining the crispness and characteristic color of tiger shrimp.<\/p>","protected":false},"excerpt":{"rendered":"<p>T\u00f4m s\u00fa \u0111\u01b0\u1ee3c tuy\u1ec3n ch\u1ecdn k\u1ef9 l\u01b0\u1ee1ng t\u1eeb c\u00e1c v\u00f9ng nu\u00f4i \u0111\u1ea1t chu\u1ea9n, \u0111\u1ea3m b\u1ea3o con t\u00f4m lu\u00f4n t\u01b0\u01a1i s\u1ed1ng, th\u1ecbt s\u0103n ch\u1eafc v\u00e0 ng\u1ecdt t\u1ef1 nhi\u00ean. Sau khi thu ho\u1ea1ch, t\u00f4m \u0111\u01b0\u1ee3c b\u00f3c v\u1ecf, kh\u1eed ch\u1ec9 \u0111en ho\u00e0n to\u00e0n, gi\u1eef l\u1ea1i ph\u1ea7n \u0111u\u00f4i \u0111\u1eb9p m\u1eaft \u0111\u1ec3 thu\u1eadn ti\u1ec7n cho ch\u1ebf bi\u1ebfn v\u00e0 tr\u00ecnh b\u00e0y m\u00f3n \u0103n.<\/p>","protected":false},"featured_media":658,"comment_status":"closed","ping_status":"closed","template":"","meta":[],"product_brand":[],"product_cat":[23],"product_tag":[],"class_list":{"0":"post-738","1":"product","2":"type-product","3":"status-publish","4":"has-post-thumbnail","6":"product_cat-tom-su","8":"first","9":"instock","10":"shipping-taxable","11":"product-type-simple"},"_links":{"self":[{"href":"https:\/\/miquafoods.com\/en\/wp-json\/wp\/v2\/product\/738","targetHints":{"allow":["GET"]}}],"collection":[{"href":"https:\/\/miquafoods.com\/en\/wp-json\/wp\/v2\/product"}],"about":[{"href":"https:\/\/miquafoods.com\/en\/wp-json\/wp\/v2\/types\/product"}],"replies":[{"embeddable":true,"href":"https:\/\/miquafoods.com\/en\/wp-json\/wp\/v2\/comments?post=738"}],"wp:featuredmedia":[{"embeddable":true,"href":"https:\/\/miquafoods.com\/en\/wp-json\/wp\/v2\/media\/658"}],"wp:attachment":[{"href":"https:\/\/miquafoods.com\/en\/wp-json\/wp\/v2\/media?parent=738"}],"wp:term":[{"taxonomy":"product_brand","embeddable":true,"href":"https:\/\/miquafoods.com\/en\/wp-json\/wp\/v2\/product_brand?post=738"},{"taxonomy":"product_cat","embeddable":true,"href":"https:\/\/miquafoods.com\/en\/wp-json\/wp\/v2\/product_cat?post=738"},{"taxonomy":"product_tag","embeddable":true,"href":"https:\/\/miquafoods.com\/en\/wp-json\/wp\/v2\/product_tag?post=738"}],"curies":[{"name":"wp","href":"https:\/\/api.w.org\/{rel}","templated":true}]}}